{"id":89,"date":"2024-12-19T08:41:40","date_gmt":"2024-12-19T07:41:40","guid":{"rendered":"https:\/\/commune-vidouze.fr\/?page_id=89"},"modified":"2025-01-23T16:03:00","modified_gmt":"2025-01-23T15:03:00","slug":"decouvrir-vidouze","status":"publish","type":"page","link":"https:\/\/commune-vidouze.fr\/?page_id=89","title":{"rendered":"D\u00e9couvrir Vidouze"},"content":{"rendered":"\t\t<div data-elementor-type=\"wp-page\" data-elementor-id=\"89\" class=\"elementor elementor-89\" data-elementor-post-type=\"page\">\n\t\t\t\t<div class=\"elementor-element elementor-element-7049f8f e-flex e-con-boxed e-con e-parent\" data-id=\"7049f8f\" data-element_type=\"container\" data-e-type=\"container\">\n\t\t\t\t\t<div class=\"e-con-inner\">\n\t\t\t\t<div class=\"elementor-element elementor-element-a270a91 elementor-widget elementor-widget-heading\" data-id=\"a270a91\" data-element_type=\"widget\" data-e-type=\"widget\" data-widget_type=\"heading.default\">\n\t\t\t\t<div class=\"elementor-widget-container\">\n\t\t\t\t\t<h2 class=\"elementor-heading-title elementor-size-default\">D\u00e9couvrir Vidouze<\/h2>\t\t\t\t<\/div>\n\t\t\t\t<\/div>\n\t\t\t\t<div class=\"elementor-element elementor-element-a636325 elementor-widget-divider--view-line elementor-widget elementor-widget-divider\" data-id=\"a636325\" data-element_type=\"widget\" data-e-type=\"widget\" data-widget_type=\"divider.default\">\n\t\t\t\t<div class=\"elementor-widget-container\">\n\t\t\t\t\t\t\t<div class=\"elementor-divider\">\n\t\t\t<span class=\"elementor-divider-separator\">\n\t\t\t\t\t\t<\/span>\n\t\t<\/div>\n\t\t\t\t\t\t<\/div>\n\t\t\t\t<\/div>\n\t\t\t\t<div class=\"elementor-element elementor-element-6537221 elementor-widget elementor-widget-text-editor\" data-id=\"6537221\" data-element_type=\"widget\" data-e-type=\"widget\" data-widget_type=\"text-editor.default\">\n\t\t\t\t<div class=\"elementor-widget-container\">\n\t\t\t\t\t\t\t\t\t<p>Situ\u00e9e au c\u0153ur de la r\u00e9gion, Vidouze est une petite commune pleine de charme, o\u00f9 la nature et la tradition se rencontrent pour offrir un cadre de vie unique. Entre ses paysages verdoyants, son patrimoine riche et son atmosph\u00e8re conviviale, Vidouze est un v\u00e9ritable havre de paix pour ceux qui souhaitent d\u00e9couvrir la beaut\u00e9 et l&#8217;authenticit\u00e9 de notre r\u00e9gion.<\/p>\t\t\t\t\t\t\t\t<\/div>\n\t\t\t\t<\/div>\n\t\t\t\t\t<\/div>\n\t\t\t\t<\/div>\n\t\t<div class=\"elementor-element elementor-element-233ad45 e-flex e-con-boxed e-con e-parent\" data-id=\"233ad45\" data-element_type=\"container\" data-e-type=\"container\">\n\t\t\t\t\t<div class=\"e-con-inner\">\n\t\t<div class=\"elementor-element elementor-element-9ac2da4 e-con-full e-flex e-con e-child\" data-id=\"9ac2da4\" data-element_type=\"container\" data-e-type=\"container\">\n\t\t\t\t<div class=\"elementor-element elementor-element-c850073 elementor-widget elementor-widget-heading\" data-id=\"c850073\" data-element_type=\"widget\" data-e-type=\"widget\" data-widget_type=\"heading.default\">\n\t\t\t\t<div class=\"elementor-widget-container\">\n\t\t\t\t\t<h5 class=\"elementor-heading-title elementor-size-default\">Un village au coeur de la nature<\/h5>\t\t\t\t<\/div>\n\t\t\t\t<\/div>\n\t\t\t\t<div class=\"elementor-element elementor-element-10d1b6b elementor-widget__width-initial elementor-widget elementor-widget-text-editor\" data-id=\"10d1b6b\" data-element_type=\"widget\" data-e-type=\"widget\" data-widget_type=\"text-editor.default\">\n\t\t\t\t<div class=\"elementor-widget-container\">\n\t\t\t\t\t\t\t\t\t<p>Entour\u00e9e de collines verdoyantes et travers\u00e9e par des ruisseaux, Vidouze est le lieu id\u00e9al pour les amoureux de la nature. Que vous soyez passionn\u00e9 de randonn\u00e9e, de cyclisme ou tout simplement en qu\u00eate de tranquillit\u00e9, les paysages environnants sauront vous s\u00e9duire \u00e0 chaque saison. De la for\u00eat aux champs, chaque recoin de la commune offre une nouvelle perspective \u00e0 d\u00e9couvrir.<\/p>\t\t\t\t\t\t\t\t<\/div>\n\t\t\t\t<\/div>\n\t\t\t\t<\/div>\n\t\t\t\t<div class=\"elementor-element elementor-element-c00f300 elementor-widget elementor-widget-google_maps\" data-id=\"c00f300\" data-element_type=\"widget\" data-e-type=\"widget\" data-widget_type=\"google_maps.default\">\n\t\t\t\t<div class=\"elementor-widget-container\">\n\t\t\t\t\t\t\t<div class=\"elementor-custom-embed\">\n\t\t\t<iframe loading=\"lazy\"\n\t\t\t\t\tsrc=\"https:\/\/maps.google.com\/maps?q=vidouze&#038;t=m&#038;z=10&#038;output=embed&#038;iwloc=near\"\n\t\t\t\t\ttitle=\"vidouze\"\n\t\t\t\t\taria-label=\"vidouze\"\n\t\t\t><\/iframe>\n\t\t<\/div>\n\t\t\t\t\t\t<\/div>\n\t\t\t\t<\/div>\n\t\t\t\t\t<\/div>\n\t\t\t\t<\/div>\n\t\t<div class=\"elementor-element elementor-element-f3666e7 e-flex e-con-boxed e-con e-parent\" data-id=\"f3666e7\" data-element_type=\"container\" data-e-type=\"container\">\n\t\t\t\t\t<div class=\"e-con-inner\">\n\t\t\t\t<div class=\"elementor-element elementor-element-ebb0ddb elementor-widget elementor-widget-heading\" data-id=\"ebb0ddb\" data-element_type=\"widget\" data-e-type=\"widget\" data-widget_type=\"heading.default\">\n\t\t\t\t<div class=\"elementor-widget-container\">\n\t\t\t\t\t<h5 class=\"elementor-heading-title elementor-size-default\">Un village au coeur de la nature<\/h5>\t\t\t\t<\/div>\n\t\t\t\t<\/div>\n\t\t\t\t<div class=\"elementor-element elementor-element-e58c668 elementor-widget elementor-widget-text-editor\" data-id=\"e58c668\" data-element_type=\"widget\" data-e-type=\"widget\" data-widget_type=\"text-editor.default\">\n\t\t\t\t<div class=\"elementor-widget-container\">\n\t\t\t\t\t\t\t\t\t<p>Entour\u00e9e de collines verdoyantes et travers\u00e9e par des ruisseaux, Vidouze est le lieu id\u00e9al pour les amoureux de la nature. Que vous soyez passionn\u00e9 de randonn\u00e9e, de cyclisme ou tout simplement en qu\u00eate de tranquillit\u00e9, les paysages environnants sauront vous s\u00e9duire \u00e0 chaque saison. De la for\u00eat aux champs, chaque recoin de la commune offre une nouvelle perspective \u00e0 d\u00e9couvrir.<\/p>\t\t\t\t\t\t\t\t<\/div>\n\t\t\t\t<\/div>\n\t\t\t\t<div class=\"elementor-element elementor-element-7ef3fb0 elementor-widget elementor-widget-heading\" data-id=\"7ef3fb0\" data-element_type=\"widget\" data-e-type=\"widget\" data-widget_type=\"heading.default\">\n\t\t\t\t<div class=\"elementor-widget-container\">\n\t\t\t\t\t<h5 class=\"elementor-heading-title elementor-size-default\">Un patrimoine \u00e0 explorer<\/h5>\t\t\t\t<\/div>\n\t\t\t\t<\/div>\n\t\t\t\t<div class=\"elementor-element elementor-element-6d90677 elementor-widget elementor-widget-text-editor\" data-id=\"6d90677\" data-element_type=\"widget\" data-e-type=\"widget\" data-widget_type=\"text-editor.default\">\n\t\t\t\t<div class=\"elementor-widget-container\">\n\t\t\t\t\t\t\t\t\t<p>Vidouze, c\u2019est aussi un village avec une histoire. Ses b\u00e2timents, ses ruelles et ses petites places t\u00e9moignent du pass\u00e9 tout en s\u2019adaptant \u00e0 la vie moderne. Que ce soit son \u00e9glise, ses maisons traditionnelles ou ses anciens b\u00e2timents agricoles, chaque coin du village raconte une histoire. N\u2019oubliez pas de vous arr\u00eater sur les lieux embl\u00e9matiques pour en apprendre davantage sur les traditions locales et l\u2019histoire de la commune.<\/p>\t\t\t\t\t\t\t\t<\/div>\n\t\t\t\t<\/div>\n\t\t\t\t<div class=\"elementor-element elementor-element-1879bb6 elementor-widget elementor-widget-heading\" data-id=\"1879bb6\" data-element_type=\"widget\" data-e-type=\"widget\" data-widget_type=\"heading.default\">\n\t\t\t\t<div class=\"elementor-widget-container\">\n\t\t\t\t\t<h5 class=\"elementor-heading-title elementor-size-default\">Un esprit communautaire<\/h5>\t\t\t\t<\/div>\n\t\t\t\t<\/div>\n\t\t\t\t<div class=\"elementor-element elementor-element-451b296 elementor-widget elementor-widget-text-editor\" data-id=\"451b296\" data-element_type=\"widget\" data-e-type=\"widget\" data-widget_type=\"text-editor.default\">\n\t\t\t\t<div class=\"elementor-widget-container\">\n\t\t\t\t\t\t\t\t\t<p>\u00c0 Vidouze, la vie de village se vit au quotidien. Ici, les habitants partagent un v\u00e9ritable esprit de convivialit\u00e9 et de solidarit\u00e9. Les \u00e9v\u00e9nements locaux, qu\u2019ils soient culturels, sportifs ou festifs, sont l\u2019occasion de se retrouver et de cr\u00e9er des liens forts. L\u2019ambiance chaleureuse et accueillante de Vidouze fait de chaque visite un moment agr\u00e9able et enrichissant.<\/p>\t\t\t\t\t\t\t\t<\/div>\n\t\t\t\t<\/div>\n\t\t\t\t<div class=\"elementor-element elementor-element-63c8f07 elementor-widget elementor-widget-heading\" data-id=\"63c8f07\" data-element_type=\"widget\" data-e-type=\"widget\" data-widget_type=\"heading.default\">\n\t\t\t\t<div class=\"elementor-widget-container\">\n\t\t\t\t\t<h5 class=\"elementor-heading-title elementor-size-default\">Activit\u00e9s et loisirs<\/h5>\t\t\t\t<\/div>\n\t\t\t\t<\/div>\n\t\t\t\t<div class=\"elementor-element elementor-element-4e4fbb0 elementor-widget elementor-widget-text-editor\" data-id=\"4e4fbb0\" data-element_type=\"widget\" data-e-type=\"widget\" data-widget_type=\"text-editor.default\">\n\t\t\t\t<div class=\"elementor-widget-container\">\n\t\t\t\t\t\t\t\t\t<p>Que vous soyez sportif, amateur de culture ou simplement curieux, Vidouze offre une palette d\u2019activit\u00e9s vari\u00e9es. Des \u00e9v\u00e9nements locaux, des randonn\u00e9es, des ateliers cr\u00e9atifs et bien d\u2019autres encore vous attendent tout au long de l\u2019ann\u00e9e. N\u2019h\u00e9sitez pas \u00e0 consulter l\u2019agenda pour ne rien manquer des \u00e9v\u00e9nements organis\u00e9s dans la commune.<\/p>\t\t\t\t\t\t\t\t<\/div>\n\t\t\t\t<\/div>\n\t\t\t\t\t<\/div>\n\t\t\t\t<\/div>\n\t\t\t\t<\/div>\n\t\t","protected":false},"excerpt":{"rendered":"<p>D\u00e9couvrir Vidouze Situ\u00e9e au c\u0153ur de la r\u00e9gion, Vidouze est une petite commune pleine de charme, o\u00f9 la nature et la tradition se rencontrent pour offrir un cadre de vie unique. Entre ses paysages verdoyants, son patrimoine riche et son atmosph\u00e8re conviviale, Vidouze est un v\u00e9ritable havre de paix pour [&hellip;]<\/p>\n","protected":false},"author":1,"featured_media":0,"parent":0,"menu_order":0,"comment_status":"closed","ping_status":"closed","template":"page-templates\/template-pagebuilder-full-width.php","meta":{"_themeisle_gutenberg_block_has_review":false,"footnotes":""},"class_list":["post-89","page","type-page","status-publish","hentry"],"_links":{"self":[{"href":"https:\/\/commune-vidouze.fr\/index.php?rest_route=\/wp\/v2\/pages\/89","targetHints":{"allow":["GET"]}}],"collection":[{"href":"https:\/\/commune-vidouze.fr\/index.php?rest_route=\/wp\/v2\/pages"}],"about":[{"href":"https:\/\/commune-vidouze.fr\/index.php?rest_route=\/wp\/v2\/types\/page"}],"author":[{"embeddable":true,"href":"https:\/\/commune-vidouze.fr\/index.php?rest_route=\/wp\/v2\/users\/1"}],"replies":[{"embeddable":true,"href":"https:\/\/commune-vidouze.fr\/index.php?rest_route=%2Fwp%2Fv2%2Fcomments&post=89"}],"version-history":[{"count":4,"href":"https:\/\/commune-vidouze.fr\/index.php?rest_route=\/wp\/v2\/pages\/89\/revisions"}],"predecessor-version":[{"id":205,"href":"https:\/\/commune-vidouze.fr\/index.php?rest_route=\/wp\/v2\/pages\/89\/revisions\/205"}],"wp:attachment":[{"href":"https:\/\/commune-vidouze.fr\/index.php?rest_route=%2Fwp%2Fv2%2Fmedia&parent=89"}],"curies":[{"name":"wp","href":"https:\/\/api.w.org\/{rel}","templated":true}]}}